{"id":63,"date":"2017-10-09T20:38:59","date_gmt":"2017-10-09T20:38:59","guid":{"rendered":"http:\/\/ploaarquitectos.com.ar\/pl\/?page_id=63"},"modified":"2018-05-15T22:14:42","modified_gmt":"2018-05-15T22:14:42","slug":"servicios","status":"publish","type":"page","link":"http:\/\/ploaarquitectos.com.ar\/pl\/servicios\/","title":{"rendered":"Servicios"},"content":{"rendered":"<div id=\"pl-63\"  class=\"panel-layout\" ><div id=\"pg-63-0\"  class=\"panel-grid panel-no-style\" ><div id=\"pgc-63-0-0\"  class=\"panel-grid-cell\" ><div id=\"panel-63-0-0-0\" class=\"so-panel widget widget_media_image panel-first-child panel-last-child\" data-index=\"0\" ><img loading=\"lazy\" decoding=\"async\" width=\"124\" height=\"314\" src=\"http:\/\/ploaarquitectos.com.ar\/pl\/wp-content\/uploads\/2017\/10\/titu-servicios.png\" class=\"image wp-image-99  attachment-full size-full\" alt=\"\" style=\"max-width: 100%; height: auto;\" srcset=\"http:\/\/ploaarquitectos.com.ar\/pl\/wp-content\/uploads\/2017\/10\/titu-servicios.png 124w, http:\/\/ploaarquitectos.com.ar\/pl\/wp-content\/uploads\/2017\/10\/titu-servicios-118x300.png 118w\" sizes=\"auto, (max-width: 124px) 100vw, 124px\" \/><\/div><\/div><div id=\"pgc-63-0-1\"  class=\"panel-grid-cell\" ><div id=\"panel-63-0-1-0\" class=\"so-panel widget widget_black-studio-tinymce widget_black_studio_tinymce panel-first-child panel-last-child\" data-index=\"1\" ><div class=\"textwidget\"><p><strong>Asesoramiento<\/strong><br \/>Ploa asesora a sus clientes en todo lo necesario <br \/>y referentes a obras de arquitectura, dise\u00f1o, decoraci\u00f3n y equipamientos.<\/p>\n<p><strong>Proyectos<\/strong><br \/>Ploa analiza desde sus inicios con croquis preliminares, anteproyectos, presupuestos, proyectos ejecutivos.<\/p>\n<p><strong>Direcci\u00f3n de obra<\/strong><br \/>PLOA asume realizar una responsable y efectiva direcci\u00f3n de obra para llevar a cabo los objetivos propuestos.\u00a0<\/p>\n<p><strong>Construcci\u00f3n<\/strong><br \/>PLOA gerencia, gestiona y articula con mano de obra espec\u00edfica sus propias obras.\u00a0<\/p>\n<p><strong>Desarrollos Inmobiliarios:<\/strong> <br \/>PLOA se asoci\u00f3 en el 2014 con el GRUPO AM, conformando G70. Esta sociedad afronta los desaf\u00edos de emprendimientos inmobiliarios de diversas caracter\u00edsticas.<\/p>\n<\/div><\/div><\/div><div id=\"pgc-63-0-2\"  class=\"panel-grid-cell\" ><div id=\"panel-63-0-2-0\" class=\"so-panel widget widget_media_image panel-first-child panel-last-child\" data-index=\"2\" ><img loading=\"lazy\" decoding=\"async\" width=\"250\" height=\"345\" src=\"http:\/\/ploaarquitectos.com.ar\/pl\/wp-content\/uploads\/2017\/10\/estudioploa2.png\" class=\"image wp-image-101  attachment-full size-full\" alt=\"\" style=\"max-width: 100%; height: auto;\" srcset=\"http:\/\/ploaarquitectos.com.ar\/pl\/wp-content\/uploads\/2017\/10\/estudioploa2.png 250w, http:\/\/ploaarquitectos.com.ar\/pl\/wp-content\/uploads\/2017\/10\/estudioploa2-217x300.png 217w\" sizes=\"auto, (max-width: 250px) 100vw, 250px\" \/><\/div><\/div><\/div><\/div>","protected":false},"excerpt":{"rendered":"<p>AsesoramientoPloa asesora a sus clientes en todo lo necesario y referentes a obras de arquitectura, dise\u00f1o, decoraci\u00f3n y equipamientos.ProyectosPloa analiza desde sus inicios con croquis preliminares, anteproyectos, presupuestos, proyectos ejecutivos.Direcci\u00f3n de obraPLOA asume realizar una responsable y efectiva direcci\u00f3n de obra para llevar a cabo los objetivos propuestos.\u00a0Construcci\u00f3nPLOA gerencia, gestiona&#8230;<\/p>\n<p> <a class=\"continue-reading-link\" href=\"http:\/\/ploaarquitectos.com.ar\/pl\/servicios\/\"><span>Continue reading<\/span><i class=\"crycon-right-dir\"><\/i><\/a> <\/p>\n","protected":false},"author":2,"featured_media":0,"parent":0,"menu_order":0,"comment_status":"closed","ping_status":"closed","template":"","meta":{"ngg_post_thumbnail":0,"footnotes":""},"class_list":["post-63","page","type-page","status-publish","hentry"],"_links":{"self":[{"href":"http:\/\/ploaarquitectos.com.ar\/pl\/wp-json\/wp\/v2\/pages\/63","targetHints":{"allow":["GET"]}}],"collection":[{"href":"http:\/\/ploaarquitectos.com.ar\/pl\/wp-json\/wp\/v2\/pages"}],"about":[{"href":"http:\/\/ploaarquitectos.com.ar\/pl\/wp-json\/wp\/v2\/types\/page"}],"author":[{"embeddable":true,"href":"http:\/\/ploaarquitectos.com.ar\/pl\/wp-json\/wp\/v2\/users\/2"}],"replies":[{"embeddable":true,"href":"http:\/\/ploaarquitectos.com.ar\/pl\/wp-json\/wp\/v2\/comments?post=63"}],"version-history":[{"count":9,"href":"http:\/\/ploaarquitectos.com.ar\/pl\/wp-json\/wp\/v2\/pages\/63\/revisions"}],"predecessor-version":[{"id":978,"href":"http:\/\/ploaarquitectos.com.ar\/pl\/wp-json\/wp\/v2\/pages\/63\/revisions\/978"}],"wp:attachment":[{"href":"http:\/\/ploaarquitectos.com.ar\/pl\/wp-json\/wp\/v2\/media?parent=63"}],"curies":[{"name":"wp","href":"https:\/\/api.w.org\/{rel}","templated":true}]}}